{"id":10397,"date":"2024-04-23T18:05:47","date_gmt":"2024-04-23T23:05:47","guid":{"rendered":"https:\/\/www.eworkplace.com\/latam\/?page_id=10397"},"modified":"2025-05-08T17:35:14","modified_gmt":"2025-05-08T22:35:14","slug":"contacto","status":"publish","type":"page","link":"https:\/\/www.eworkplace.com\/latam\/contacto\/","title":{"rendered":"Contacto"},"content":{"rendered":"<p>[vc_row content_width=&#8221;grid&#8221;][vc_column][vc_empty_space][\/vc_column][\/vc_row][vc_row content_width=&#8221;grid&#8221;][vc_column][vc_empty_space][vc_empty_space][vc_single_image image=&#8221;10446&#8243; img_size=&#8221;full&#8221; alignment=&#8221;center&#8221;][\/vc_column][\/vc_row][vc_row content_width=&#8221;grid&#8221; content_aligment=&#8221;center&#8221; css=&#8221;.vc_custom_1463060895441{padding-top: 57px !important;padding-bottom: 34px !important;}&#8221;][vc_column offset=&#8221;vc_col-md-4&#8243;][\/vc_column][vc_column offset=&#8221;vc_col-md-4&#8243;][vc_column_text]<\/p>\n<h1 style=\"text-align: center\"><span style=\"color: #92325a\">Contacto<\/span><\/h1>\n<p>[\/vc_column_text][vc_empty_space][\/vc_column][vc_column offset=&#8221;vc_col-md-4&#8243;][vc_single_image image=&#8221;3928&#8243; img_size=&#8221;full&#8221;][\/vc_column][\/vc_row][vc_row content_width=&#8221;grid&#8221; css=&#8221;.vc_custom_1463061042498{padding-top: 58px !important;padding-bottom: 40px !important;}&#8221;][vc_column offset=&#8221;vc_col-lg-3 vc_col-md-6&#8243;]<div class=\"qodef-iwt clearfix qodef-iwt-icon-top qodef-iwt-icon-large\">\n    <div class=\"qodef-iwt-icon-holder\">\n                <div class=\"qodef-icon-animation-holder qodef-custom-icon-animation-holder\" style=\"transition-delay: 300ms;-ms-transition-delay: 300ms;-moz-transition-delay: 300ms;-webkit-transition-delay: 300ms\">\n            <div class=\"qodef-icon-shortcode qodef-icon-animation qodef-custom-icon\">\n                <img loading=\"lazy\" decoding=\"async\" width=\"100\" height=\"100\" src=\"https:\/\/www.eworkplace.com\/latam\/wp-content\/uploads\/sites\/2\/2024\/04\/7.png\" class=\"attachment-full size-full\" alt=\"\" \/>            <\/div>\n        <\/div>\n            <\/div>\n    <div class=\"qodef-iwt-content-holder\" >\n        <div class=\"qodef-iwt-title-holder\">\n            <h5 style=\"color: #92325a\">Mail<\/h5>\n        <\/div>\n        <div class=\"qodef-iwt-text-holder\">\n            <p >Escr\u00edbanos a nuestro correo y d\u00edganos en qu\u00e9 lo podemos ayudar.<\/p>\n                                        <a class=\"qodef-iwt-link\" href=\"http:\/\/yblancas@eworkplace.com\" target=\"_self\">mailto:dramirez@eworkplace.com<\/a>\n                    <\/div>\n    <\/div>\n<\/div>[vc_btn title=&#8221;Escribir&#8221; color=&#8221;inverse&#8221; align=&#8221;center&#8221; css=&#8221;.vc_custom_1713472377360{background-color: #ffffff !important;}&#8221; link=&#8221;url:mailto%3Adramirez%40eworkplace.com|title:Correo|target:_blank&#8221;][vc_empty_space height=&#8221;40px&#8221;][\/vc_column][vc_column offset=&#8221;vc_col-lg-3 vc_col-md-6&#8243;]<div class=\"qodef-iwt clearfix qodef-iwt-icon-top qodef-iwt-icon-large\">\n    <div class=\"qodef-iwt-icon-holder\">\n                <div class=\"qodef-icon-animation-holder qodef-custom-icon-animation-holder\" style=\"transition-delay: 300ms;-ms-transition-delay: 300ms;-moz-transition-delay: 300ms;-webkit-transition-delay: 300ms\">\n            <div class=\"qodef-icon-shortcode qodef-icon-animation qodef-custom-icon\">\n                <img loading=\"lazy\" decoding=\"async\" width=\"100\" height=\"100\" src=\"https:\/\/www.eworkplace.com\/latam\/wp-content\/uploads\/sites\/2\/2024\/04\/8.png\" class=\"attachment-full size-full\" alt=\"\" \/>            <\/div>\n        <\/div>\n            <\/div>\n    <div class=\"qodef-iwt-content-holder\" >\n        <div class=\"qodef-iwt-title-holder\">\n            <h5 style=\"color: #92325a\">WhatsApp<\/h5>\n        <\/div>\n        <div class=\"qodef-iwt-text-holder\">\n            <p >M\u00e1ndenos un mensaje v\u00eda WhatsApp y reciba una respuesta inmediata.<\/p>\n                                <\/div>\n    <\/div>\n<\/div>[vc_empty_space height=&#8221;40px&#8221;][vc_btn title=&#8221;Mensajear&#8221; color=&#8221;inverse&#8221; align=&#8221;center&#8221; link=&#8221;url:https%3A%2F%2Fwalink.co%2F36747d|title:WhatsApp|target:_blank&#8221;][\/vc_column][vc_column offset=&#8221;vc_col-lg-3 vc_col-md-6&#8243;]<div class=\"qodef-iwt clearfix qodef-iwt-icon-top qodef-iwt-icon-medium\">\n    <div class=\"qodef-iwt-icon-holder\">\n                <div class=\"qodef-icon-animation-holder qodef-custom-icon-animation-holder\" style=\"transition-delay: 500ms;-ms-transition-delay: 500ms;-moz-transition-delay: 500ms;-webkit-transition-delay: 500ms\">\n            <div class=\"qodef-icon-shortcode qodef-icon-animation qodef-custom-icon\">\n                <img loading=\"lazy\" decoding=\"async\" width=\"100\" height=\"100\" src=\"https:\/\/www.eworkplace.com\/latam\/wp-content\/uploads\/sites\/2\/2024\/04\/Untitled-design-1.png\" class=\"attachment-full size-full\" alt=\"\" \/>            <\/div>\n        <\/div>\n            <\/div>\n    <div class=\"qodef-iwt-content-holder\" >\n        <div class=\"qodef-iwt-title-holder\">\n            <h5 style=\"color: #92325a\">Messenger<\/h5>\n        <\/div>\n        <div class=\"qodef-iwt-text-holder\">\n            <p >Env\u00edanos un mensaje a trav\u00e9s de Messenger y obt\u00e9n una atenci\u00f3n personalizada.<\/p>\n                                <\/div>\n    <\/div>\n<\/div>[vc_empty_space height=&#8221;40px&#8221;][vc_btn title=&#8221;Mensajear&#8221; color=&#8221;inverse&#8221; align=&#8221;center&#8221; link=&#8221;url:http%3A%2F%2Fm.me%2F110394368217031|title:Messenger|target:_blank&#8221;][\/vc_column][vc_column offset=&#8221;vc_col-lg-3 vc_col-md-6&#8243;]<div class=\"qodef-iwt clearfix qodef-iwt-icon-top qodef-iwt-icon-large\">\n    <div class=\"qodef-iwt-icon-holder\">\n                <div class=\"qodef-icon-animation-holder qodef-custom-icon-animation-holder\" style=\"transition-delay: 300ms;-ms-transition-delay: 300ms;-moz-transition-delay: 300ms;-webkit-transition-delay: 300ms\">\n            <div class=\"qodef-icon-shortcode qodef-icon-animation qodef-custom-icon\">\n                <img loading=\"lazy\" decoding=\"async\" width=\"100\" height=\"100\" src=\"https:\/\/www.eworkplace.com\/latam\/wp-content\/uploads\/sites\/2\/2024\/04\/6.png\" class=\"attachment-full size-full\" alt=\"\" \/>            <\/div>\n        <\/div>\n            <\/div>\n    <div class=\"qodef-iwt-content-holder\" >\n        <div class=\"qodef-iwt-title-holder\">\n            <h5 style=\"color: #92325a\">LinkedIn<\/h5>\n        <\/div>\n        <div class=\"qodef-iwt-text-holder\">\n            <p >Visite nuestra p\u00e1gina de LinkedIn, s\u00edganos y m\u00e1ndenos un DM para conectar.<\/p>\n                                <\/div>\n    <\/div>\n<\/div>[vc_empty_space height=&#8221;40px&#8221;][vc_btn title=&#8221;Conectar&#8221; color=&#8221;inverse&#8221; align=&#8221;center&#8221; link=&#8221;url:https%3A%2F%2Fwww.linkedin.com%2Fcompany%2Feworkplace-latam%2Fmycompany%2Fverification%2F%3FviewAsMember%3Dtrue|title:LinkedIn|target:_blank&#8221;][\/vc_column][\/vc_row][vc_row content_width=&#8221;grid&#8221; content_aligment=&#8221;center&#8221; css=&#8221;.vc_custom_1463061072008{padding-top: 85px !important;padding-bottom: 50px !important;}&#8221;][vc_column][vc_single_image image=&#8221;10405&#8243; img_size=&#8221;100&#215;100&#8243; alignment=&#8221;center&#8221;][vc_empty_space][vc_column_text]<\/p>\n<h4 style=\"text-align: center\"><strong>Si lo prefiere puede hablarnos al tel\u00e9fono:<\/strong><\/h4>\n<h4 style=\"text-align: center\"><span style=\"color: #92325a\"><strong>+52\u00a0<span class=\"ui-provider vp b c d e f g h i j k l m n o p q r s t u v w x y z ab ac ae af ag ah ai aj ak\" dir=\"ltr\">5624645639<\/span><\/strong><\/span><\/h4>\n<p>[\/vc_column_text][vc_empty_space][vc_empty_space][vc_empty_space][vc_empty_space][vc_text_separator title=&#8221;Agende su DEMO&#8221; color=&#8221;custom&#8221; accent_color=&#8221;#92325a&#8221;][vc_empty_space][vc_empty_space][vc_empty_space][vc_column_text]<\/p>\n<h2><span style=\"color: #92325a\">\u00a1Obtenga un DEMO gratuita hoy!<\/span><\/h2>\n<p>[\/vc_column_text][vc_empty_space height=&#8221;22px&#8221;][vc_column_text]<\/p>\n<h4>Si desea conocer las funcionalidades de nuestras soluciones ERP, WMS o MOM a fondo, agenda una DEMO gratuita y descubra c\u00f3mo nuestros software puede ayudarlo con los desaf\u00edos espec\u00edficos de su negocio e industria.<\/h4>\n<p>&nbsp;<\/p>\n<div class='fluentform ff-default fluentform_wrapper_22 ffs_default_wrap'><form data-form_id=\"22\" id=\"fluentform_22\" class=\"frm-fluent-form fluent_form_22 ff-el-form-top ff_form_instance_22_1 ff-form-loading ffs_default\" data-form_instance=\"ff_form_instance_22_1\" method=\"POST\" ><fieldset  style=\"border: none!important;margin: 0!important;padding: 0!important;background-color: transparent!important;box-shadow: none!important;outline: none!important; min-inline-size: 100%;\">\n                    <legend class=\"ff_screen_reader_title\" style=\"display: block; margin: 0!important;padding: 0!important;height: 0!important;text-indent: -999999px;width: 0!important;overflow:hidden;\">Form_Contacto_2023<\/legend><input type='hidden' name='__fluent_form_embded_post_id' value='10397' \/><input type=\"hidden\" id=\"_fluentform_22_fluentformnonce\" name=\"_fluentform_22_fluentformnonce\" value=\"900b6a8d72\" \/><input type=\"hidden\" name=\"_wp_http_referer\" value=\"\/latam\/wp-json\/wp\/v2\/pages\/10397\" \/><div data-type=\"name-element\" data-name=\"names\" class=\" ff-field_container ff-name-field-wrapper\" ><div class='ff-t-container'><div class='ff-t-cell '><div class='ff-el-group'><div class=\"ff-el-input--label asterisk-right\"><label for='ff_22_names_first_name_' id='label_ff_22_names_first_name_' >First Name<\/label><\/div><div class='ff-el-input--content'><input type=\"text\" name=\"names[first_name]\" id=\"ff_22_names_first_name_\" class=\"ff-el-form-control\" placeholder=\"First Name\" aria-invalid=\"false\" aria-required=false><\/div><\/div><\/div><div class='ff-t-cell '><div class='ff-el-group'><div class=\"ff-el-input--label asterisk-right\"><label for='ff_22_names_last_name_' id='label_ff_22_names_last_name_' >Last Name<\/label><\/div><div class='ff-el-input--content'><input type=\"text\" name=\"names[last_name]\" id=\"ff_22_names_last_name_\" class=\"ff-el-form-control\" placeholder=\"Last Name\" aria-invalid=\"false\" aria-required=false><\/div><\/div><\/div><\/div><\/div><div class='ff-el-group'><div class=\"ff-el-input--label ff-el-is-required asterisk-right\"><label for='ff_22_email' id='label_ff_22_email' aria-label=\"Email\">Email<\/label><\/div><div class='ff-el-input--content'><input type=\"email\" name=\"email\" id=\"ff_22_email\" class=\"ff-el-form-control\" placeholder=\"Email Address\" data-name=\"email\"  aria-invalid=\"false\" aria-required=true><\/div><\/div><div class='ff-el-group'><div class=\"ff-el-input--label ff-el-is-required asterisk-right\"><label for='ff_22_input_text' id='label_ff_22_input_text' aria-label=\"Industria\">Industria<\/label><\/div><div class='ff-el-input--content'><input type=\"text\" name=\"input_text\" class=\"ff-el-form-control\" data-name=\"input_text\" id=\"ff_22_input_text\"  aria-invalid=\"false\" aria-required=true><\/div><\/div><div class='ff-el-group'><div class=\"ff-el-input--label ff-el-is-required asterisk-right\"><label for='ff_22_message' id='label_ff_22_message' aria-label=\"Your Message\">Your Message<\/label><\/div><div class='ff-el-input--content'><textarea aria-required=\"true\" aria-labelledby=\"label_ff_22_message\" name=\"message\" id=\"ff_22_message\" class=\"ff-el-form-control\" placeholder=\"Your Message\" rows=\"4\" cols=\"2\" data-name=\"message\" ><\/textarea><\/div><\/div><div class='ff-el-group ff-text-left ff_submit_btn_wrapper'><button type=\"submit\" class=\"ff-btn ff-btn-submit ff-btn-md ff_btn_style wpf_has_custom_css\"  aria-label=\"Enviar\">Enviar<\/button><\/div><\/fieldset><\/form><div id='fluentform_22_errors' class='ff-errors-in-stack ff_form_instance_22_1 ff-form-loading_errors ff_form_instance_22_1_errors'><\/div><\/div>            <script type=\"text\/javascript\">\n                window.fluent_form_ff_form_instance_22_1 = {\"id\":\"22\",\"settings\":{\"layout\":{\"labelPlacement\":\"top\",\"helpMessagePlacement\":\"with_label\",\"errorMessagePlacement\":\"inline\",\"cssClassName\":\"\",\"asteriskPlacement\":\"asterisk-right\"},\"restrictions\":{\"denyEmptySubmission\":{\"enabled\":false}}},\"form_instance\":\"ff_form_instance_22_1\",\"form_id_selector\":\"fluentform_22\",\"rules\":{\"names[first_name]\":{\"required\":{\"value\":false,\"message\":\"This field is required\",\"global\":false,\"global_message\":\"This field is required\"}},\"names[middle_name]\":{\"required\":{\"value\":false,\"message\":\"This field is required\",\"global\":false,\"global_message\":\"This field is required\"}},\"names[last_name]\":{\"required\":{\"value\":false,\"message\":\"This field is required\",\"global\":false,\"global_message\":\"This field is required\"}},\"email\":{\"required\":{\"value\":true,\"message\":\"This field is required\",\"global\":false,\"global_message\":\"This field is required\"},\"email\":{\"value\":true,\"message\":\"This field must contain a valid email\",\"global\":false,\"global_message\":\"This field must contain a valid email\"}},\"input_text\":{\"required\":{\"value\":true,\"message\":\"This field is required\",\"global\":false,\"global_message\":\"This field is required\"}},\"message\":{\"required\":{\"value\":true,\"message\":\"This field is required\",\"global\":false,\"global_message\":\"This field is required\"}}},\"debounce_time\":300};\n                            <\/script>\n            [\/vc_column_text][vc_empty_space][\/vc_column][\/vc_row][vc_row content_width=&#8221;grid&#8221;][vc_column]<div class=\"qodef-separator-holder clearfix  qodef-separator-center\">\n\t<div class=\"qodef-separator\" style=\"border-color: #ececec;width: 100%;border-bottom-width: 1px\"><\/div>\n<\/div>\n[\/vc_column][\/vc_row][vc_row content_width=&#8221;grid&#8221; content_aligment=&#8221;center&#8221; css=&#8221;.vc_custom_1462443937483{padding-top: 61px !important;padding-bottom: 80px !important;}&#8221;][vc_column]<div class=\"qodef-carousel-holder clearfix\"><div class=\"qodef-carousel\" data-items=\"4\" data-navigation=\"no\" data-autoplay=\"3\"><\/div><\/div>[\/vc_column][\/vc_row]<\/p>\n","protected":false},"excerpt":{"rendered":"<p>[vc_row content_width=&#8221;grid&#8221;][vc_column][vc_empty_space][\/vc_column][\/vc_row][vc_row content_width=&#8221;grid&#8221;][vc_column][vc_empty_space][vc_empty_space][vc_single_image image=&#8221;10446&#8243; img_size=&#8221;full&#8221; alignment=&#8221;center&#8221;][\/vc_column][\/vc_row][vc_row content_width=&#8221;grid&#8221; content_aligment=&#8221;center&#8221; css=&#8221;.vc_custom_1463060895441{padding-top: 57px !important;padding-bottom: 34px !important;}&#8221;][vc_column offset=&#8221;vc_col-md-4&#8243;][\/vc_column][vc_column offset=&#8221;vc_col-md-4&#8243;][vc_column_text] Contacto [\/vc_column_text][vc_empty_space][\/vc_column][vc_column offset=&#8221;vc_col-md-4&#8243;][vc_single_image image=&#8221;3928&#8243; img_size=&#8221;full&#8221;][\/vc_column][\/vc_row][vc_row content_width=&#8221;grid&#8221; css=&#8221;.vc_custom_1463061042498{padding-top: 58px !important;padding-bottom: 40px !important;}&#8221;][vc_column offset=&#8221;vc_col-lg-3 vc_col-md-6&#8243;][vc_btn title=&#8221;Escribir&#8221; color=&#8221;inverse&#8221; align=&#8221;center&#8221; css=&#8221;.vc_custom_1713472377360{background-color: #ffffff !important;}&#8221; link=&#8221;url:mailto%3Adramirez%40eworkplace.com|title:Correo|target:_blank&#8221;][vc_empty_space height=&#8221;40px&#8221;][\/vc_column][vc_column offset=&#8221;vc_col-lg-3 vc_col-md-6&#8243;][vc_empty_space height=&#8221;40px&#8221;][vc_btn title=&#8221;Mensajear&#8221; color=&#8221;inverse&#8221; align=&#8221;center&#8221; link=&#8221;url:https%3A%2F%2Fwalink.co%2F36747d|title:WhatsApp|target:_blank&#8221;][\/vc_column][vc_column offset=&#8221;vc_col-lg-3 vc_col-md-6&#8243;][vc_empty_space&#8230;<\/p>\n","protected":false},"author":7,"featured_media":0,"parent":0,"menu_order":0,"comment_status":"closed","ping_status":"closed","template":"full-width.php","meta":{"_themeisle_gutenberg_block_has_review":false,"footnotes":""},"class_list":["post-10397","page","type-page","status-publish","hentry"],"yoast_head":"<!-- This site is optimized with the Yoast SEO plugin v22.1 - https:\/\/yoast.com\/wordpress\/plugins\/seo\/ -->\n<title>Contacto - eWorkplace Manufacturing<\/title>\n<meta name=\"robots\" content=\"index, follow, max-snippet:-1, max-image-preview:large, max-video-preview:-1\" \/>\n<link rel=\"canonical\" href=\"https:\/\/www.eworkplace.com\/latam\/contacto\/\" \/>\n<meta property=\"og:locale\" content=\"en_US\" \/>\n<meta property=\"og:type\" content=\"article\" \/>\n<meta property=\"og:title\" content=\"Contacto - eWorkplace Manufacturing\" \/>\n<meta property=\"og:description\" content=\"[vc_row content_width=&#8221;grid&#8221;][vc_column][vc_empty_space][\/vc_column][\/vc_row][vc_row content_width=&#8221;grid&#8221;][vc_column][vc_empty_space][vc_empty_space][vc_single_image image=&#8221;10446&#8243; img_size=&#8221;full&#8221; alignment=&#8221;center&#8221;][\/vc_column][\/vc_row][vc_row content_width=&#8221;grid&#8221; content_aligment=&#8221;center&#8221; css=&#8221;.vc_custom_1463060895441{padding-top: 57px !important;padding-bottom: 34px !important;}&#8221;][vc_column offset=&#8221;vc_col-md-4&#8243;][\/vc_column][vc_column offset=&#8221;vc_col-md-4&#8243;][vc_column_text] Contacto [\/vc_column_text][vc_empty_space][\/vc_column][vc_column offset=&#8221;vc_col-md-4&#8243;][vc_single_image image=&#8221;3928&#8243; img_size=&#8221;full&#8221;][\/vc_column][\/vc_row][vc_row content_width=&#8221;grid&#8221; css=&#8221;.vc_custom_1463061042498{padding-top: 58px !important;padding-bottom: 40px !important;}&#8221;][vc_column offset=&#8221;vc_col-lg-3 vc_col-md-6&#8243;][vc_btn title=&#8221;Escribir&#8221; color=&#8221;inverse&#8221; align=&#8221;center&#8221; css=&#8221;.vc_custom_1713472377360{background-color: #ffffff !important;}&#8221; link=&#8221;url:mailto%3Adramirez%40eworkplace.com|title:Correo|target:_blank&#8221;][vc_empty_space height=&#8221;40px&#8221;][\/vc_column][vc_column offset=&#8221;vc_col-lg-3 vc_col-md-6&#8243;][vc_empty_space height=&#8221;40px&#8221;][vc_btn title=&#8221;Mensajear&#8221; color=&#8221;inverse&#8221; align=&#8221;center&#8221; link=&#8221;url:https%3A%2F%2Fwalink.co%2F36747d|title:WhatsApp|target:_blank&#8221;][\/vc_column][vc_column offset=&#8221;vc_col-lg-3 vc_col-md-6&#8243;][vc_empty_space...\" \/>\n<meta property=\"og:url\" content=\"https:\/\/www.eworkplace.com\/latam\/contacto\/\" \/>\n<meta property=\"og:site_name\" content=\"eWorkplace Manufacturing\" \/>\n<meta property=\"article:modified_time\" content=\"2025-05-08T22:35:14+00:00\" \/>\n<meta name=\"twitter:card\" content=\"summary_large_image\" \/>\n<meta name=\"twitter:label1\" content=\"Est. reading time\" \/>\n\t<meta name=\"twitter:data1\" content=\"2 minutes\" \/>\n<!-- \/ Yoast SEO plugin. -->","yoast_head_json":{"title":"Contacto - eWorkplace Manufacturing","robots":{"index":"index","follow":"follow","max-snippet":"max-snippet:-1","max-image-preview":"max-image-preview:large","max-video-preview":"max-video-preview:-1"},"canonical":"https:\/\/www.eworkplace.com\/latam\/contacto\/","og_locale":"en_US","og_type":"article","og_title":"Contacto - eWorkplace Manufacturing","og_description":"[vc_row content_width=&#8221;grid&#8221;][vc_column][vc_empty_space][\/vc_column][\/vc_row][vc_row content_width=&#8221;grid&#8221;][vc_column][vc_empty_space][vc_empty_space][vc_single_image image=&#8221;10446&#8243; img_size=&#8221;full&#8221; alignment=&#8221;center&#8221;][\/vc_column][\/vc_row][vc_row content_width=&#8221;grid&#8221; content_aligment=&#8221;center&#8221; css=&#8221;.vc_custom_1463060895441{padding-top: 57px !important;padding-bottom: 34px !important;}&#8221;][vc_column offset=&#8221;vc_col-md-4&#8243;][\/vc_column][vc_column offset=&#8221;vc_col-md-4&#8243;][vc_column_text] Contacto [\/vc_column_text][vc_empty_space][\/vc_column][vc_column offset=&#8221;vc_col-md-4&#8243;][vc_single_image image=&#8221;3928&#8243; img_size=&#8221;full&#8221;][\/vc_column][\/vc_row][vc_row content_width=&#8221;grid&#8221; css=&#8221;.vc_custom_1463061042498{padding-top: 58px !important;padding-bottom: 40px !important;}&#8221;][vc_column offset=&#8221;vc_col-lg-3 vc_col-md-6&#8243;][vc_btn title=&#8221;Escribir&#8221; color=&#8221;inverse&#8221; align=&#8221;center&#8221; css=&#8221;.vc_custom_1713472377360{background-color: #ffffff !important;}&#8221; link=&#8221;url:mailto%3Adramirez%40eworkplace.com|title:Correo|target:_blank&#8221;][vc_empty_space height=&#8221;40px&#8221;][\/vc_column][vc_column offset=&#8221;vc_col-lg-3 vc_col-md-6&#8243;][vc_empty_space height=&#8221;40px&#8221;][vc_btn title=&#8221;Mensajear&#8221; color=&#8221;inverse&#8221; align=&#8221;center&#8221; link=&#8221;url:https%3A%2F%2Fwalink.co%2F36747d|title:WhatsApp|target:_blank&#8221;][\/vc_column][vc_column offset=&#8221;vc_col-lg-3 vc_col-md-6&#8243;][vc_empty_space...","og_url":"https:\/\/www.eworkplace.com\/latam\/contacto\/","og_site_name":"eWorkplace Manufacturing","article_modified_time":"2025-05-08T22:35:14+00:00","twitter_card":"summary_large_image","twitter_misc":{"Est. reading time":"2 minutes"},"schema":{"@context":"https:\/\/schema.org","@graph":[{"@type":"WebPage","@id":"https:\/\/www.eworkplace.com\/latam\/contacto\/","url":"https:\/\/www.eworkplace.com\/latam\/contacto\/","name":"Contacto - eWorkplace Manufacturing","isPartOf":{"@id":"https:\/\/www.eworkplace.com\/latam\/#website"},"datePublished":"2024-04-23T23:05:47+00:00","dateModified":"2025-05-08T22:35:14+00:00","breadcrumb":{"@id":"https:\/\/www.eworkplace.com\/latam\/contacto\/#breadcrumb"},"inLanguage":"en-US","potentialAction":[{"@type":"ReadAction","target":["https:\/\/www.eworkplace.com\/latam\/contacto\/"]}]},{"@type":"BreadcrumbList","@id":"https:\/\/www.eworkplace.com\/latam\/contacto\/#breadcrumb","itemListElement":[{"@type":"ListItem","position":1,"name":"Home","item":"https:\/\/www.eworkplace.com\/latam\/"},{"@type":"ListItem","position":2,"name":"Contacto"}]},{"@type":"WebSite","@id":"https:\/\/www.eworkplace.com\/latam\/#website","url":"https:\/\/www.eworkplace.com\/latam\/","name":"eWorkplace Manufacturing","description":"soluciones que transforman","potentialAction":[{"@type":"SearchAction","target":{"@type":"EntryPoint","urlTemplate":"https:\/\/www.eworkplace.com\/latam\/?s={search_term_string}"},"query-input":"required name=search_term_string"}],"inLanguage":"en-US"}]}},"jetpack_sharing_enabled":true,"_links":{"self":[{"href":"https:\/\/www.eworkplace.com\/latam\/wp-json\/wp\/v2\/pages\/10397","targetHints":{"allow":["GET"]}}],"collection":[{"href":"https:\/\/www.eworkplace.com\/latam\/wp-json\/wp\/v2\/pages"}],"about":[{"href":"https:\/\/www.eworkplace.com\/latam\/wp-json\/wp\/v2\/types\/page"}],"author":[{"embeddable":true,"href":"https:\/\/www.eworkplace.com\/latam\/wp-json\/wp\/v2\/users\/7"}],"replies":[{"embeddable":true,"href":"https:\/\/www.eworkplace.com\/latam\/wp-json\/wp\/v2\/comments?post=10397"}],"version-history":[{"count":0,"href":"https:\/\/www.eworkplace.com\/latam\/wp-json\/wp\/v2\/pages\/10397\/revisions"}],"wp:attachment":[{"href":"https:\/\/www.eworkplace.com\/latam\/wp-json\/wp\/v2\/media?parent=10397"}],"curies":[{"name":"wp","href":"https:\/\/api.w.org\/{rel}","templated":true}]}}